                                                                                                                                                                                                                                                                                                                                                                                                                                                                                                    {"id":348,"date":"2009-12-15T22:03:31","date_gmt":"2009-12-16T00:03:31","guid":{"rendered":"http:\/\/redeccap.org.br\/blogcasaviva\/?page_id=348"},"modified":"2009-12-15T22:29:47","modified_gmt":"2009-12-16T00:29:47","slug":"escola-de-musica-de-manguinhos","status":"publish","type":"page","link":"https:\/\/redeccap.org.br\/blogcasaviva\/escola-de-musica-de-manguinhos\/","title":{"rendered":"Escola de M\u00fasica de Manguinhos"},"content":{"rendered":"<p align=\"left\"><strong>ESCOLA DE M\u00daSICA DE MANGUINHOS <\/strong><\/p>\n<p>O Espa\u00e7o casa Viva desde o seu in\u00edcio em 2003, trabalha com oficinas de m\u00fasica ( percuss\u00e3o e cordas) desta Experi\u00eancia surgiu o Grupo M\u00f9sica na Cal\u00e7ada composto por jovens moradores da comunidade de Manguinhos e alunos das oficinas do Casa Viva.<\/p>\n<p>Em 2006 percebemos que poder\u00edamos ousar e constituir uma escola de m\u00fasica em Manguinhos competente na forma\u00e7\u00e3o de referenciais e por isto idealizamos parcerias com a Fiocruz e a UFRJ que daria o suporte pedag\u00f3gico nas a\u00e7\u00f5es. Com muita alegria iniciamos em novembro de 2007 com a parceria da Fiocruz e meses depois contamos com aprova\u00e7\u00e3o do projeto como Programa de Extens\u00e3o da UFRJ.<\/p>\n<p><a href=\"http:\/\/redeccap.org.br\/blogcasaviva\/wp-content\/uploads\/2009\/12\/DSC03341.JPG\"><img loading=\"lazy\" class=\"aligncenter size-medium wp-image-349\" title=\"DSC03341\" src=\"http:\/\/redeccap.org.br\/blogcasaviva\/wp-content\/uploads\/2009\/12\/DSC03341-300x225.jpg\" alt=\"DSC03341\" width=\"300\" height=\"225\" srcset=\"https:\/\/redeccap.org.br\/blogcasaviva\/wp-content\/uploads\/2009\/12\/DSC03341-300x225.jpg 300w, https:\/\/redeccap.org.br\/blogcasaviva\/wp-content\/uploads\/2009\/12\/DSC03341-1024x768.jpg 1024w, https:\/\/redeccap.org.br\/blogcasaviva\/wp-content\/uploads\/2009\/12\/DSC03341.JPG 2048w\" sizes=\"(max-width: 300px) 100vw, 300px\" \/><\/a><\/p>\n<p><a href=\"http:\/\/redeccap.org.br\/blogcasaviva\/wp-content\/uploads\/2009\/12\/DSC03383.JPG\"><img loading=\"lazy\" class=\"aligncenter size-medium wp-image-350\" title=\"DSC03383\" src=\"http:\/\/redeccap.org.br\/blogcasaviva\/wp-content\/uploads\/2009\/12\/DSC03383-300x225.jpg\" alt=\"DSC03383\" width=\"300\" height=\"225\" srcset=\"https:\/\/redeccap.org.br\/blogcasaviva\/wp-content\/uploads\/2009\/12\/DSC03383-300x225.jpg 300w, https:\/\/redeccap.org.br\/blogcasaviva\/wp-content\/uploads\/2009\/12\/DSC03383-1024x768.jpg 1024w, https:\/\/redeccap.org.br\/blogcasaviva\/wp-content\/uploads\/2009\/12\/DSC03383.JPG 2048w\" sizes=\"(max-width: 300px) 100vw, 300px\" \/><\/a><\/p>\n<p><a href=\"http:\/\/redeccap.org.br\/blogcasaviva\/wp-content\/uploads\/2009\/12\/DSC03352.JPG\"><img loading=\"lazy\" class=\"aligncenter size-medium wp-image-351\" title=\"DSC03352\" src=\"http:\/\/redeccap.org.br\/blogcasaviva\/wp-content\/uploads\/2009\/12\/DSC03352-300x225.jpg\" alt=\"DSC03352\" width=\"300\" height=\"225\" srcset=\"https:\/\/redeccap.org.br\/blogcasaviva\/wp-content\/uploads\/2009\/12\/DSC03352-300x225.jpg 300w, https:\/\/redeccap.org.br\/blogcasaviva\/wp-content\/uploads\/2009\/12\/DSC03352-1024x768.jpg 1024w, https:\/\/redeccap.org.br\/blogcasaviva\/wp-content\/uploads\/2009\/12\/DSC03352.JPG 2048w\" sizes=\"(max-width: 300px) 100vw, 300px\" \/><\/a><\/p>\n<p>CURSOS<\/p>\n<p>\u2022\u00a0 Aulas de musicaliza\u00e7\u00e3o infantil e conjunto de flauta doce<br \/>\n\u2022\u00a0 An\u00e1lise da m\u00fasica na sociedade<br \/>\n\u2022\u00a0 Oficinas por instrumentos : sax, guitarras, contra baixo, viol\u00e3o, percuss\u00e3o, bateria e cavaquinho<br \/>\n\u2022\u00a0 As aulas de percep\u00e7\u00e3o e teoria musical<br \/>\n\u2022\u00a0 Oficina de constru\u00e7\u00e3o de instrumento<br \/>\n\u2022\u00a0 Teatro e movimento<br \/>\n\u2022\u00a0 Canto Coral<\/p>\n<p>J\u00e1 contamos com diversas express\u00f5es musicais surgidas da escola: Coral de M\u00fasica, Grupo R1.42, \u201cToada do Maranh\u00e3o\u201d \u2013 Oficina de Constru\u00e7\u00e3o de instrumentos e outros. Estes grupos tem se apresentado na atividades da Fiocruz, como: Fiocruz Pra Voc\u00ea, 52\u00b0 Anivers\u00e1rio da Ensp, Festival de M\u00fasica promovido pelo COEP no Centro Cultural do Banco do Brasil e no Semin\u00e1rio Internacional de Educa\u00e7\u00e3o em Dist\u00e2ncia no Centro de Conven\u00e7\u00f5es Sul Am\u00e9rica.<\/p>\n","protected":false},"excerpt":{"rendered":"<p>ESCOLA DE M\u00daSICA DE MANGUINHOS O Espa\u00e7o casa Viva desde o seu in\u00edcio em 2003, trabalha com oficinas de m\u00fasica ( percuss\u00e3o e cordas) desta Experi\u00eancia surgiu o Grupo M\u00f9sica na Cal\u00e7ada composto por jovens moradores da comunidade de Manguinhos &hellip; <a href=\"https:\/\/redeccap.org.br\/blogcasaviva\/escola-de-musica-de-manguinhos\/\">Continue lendo <span class=\"meta-nav\">&rarr;<\/span><\/a><\/p>\n","protected":false},"author":2,"featured_media":0,"parent":0,"menu_order":0,"comment_status":"open","ping_status":"open","template":"","meta":{"spay_email":""},"yoast_head":"<!-- This site is optimized with the Yoast SEO plugin v14.8 - https:\/\/yoast.com\/wordpress\/plugins\/seo\/ -->\n<meta name=\"robots\" content=\"index, follow\" \/>\n<meta name=\"googlebot\" content=\"index, follow, max-snippet:-1, max-image-preview:large, max-video-preview:-1\" \/>\n<meta name=\"bingbot\" content=\"index, follow, max-snippet:-1, max-image-preview:large, max-video-preview:-1\" \/>\n<link rel=\"canonical\" href=\"http:\/\/redeccap.org.br\/blogcasaviva\/escola-de-musica-de-manguinhos\/\" \/>\n<meta property=\"og:locale\" content=\"pt_BR\" \/>\n<meta property=\"og:type\" content=\"article\" \/>\n<meta property=\"og:title\" content=\"Escola de M\u00fasica de Manguinhos - Espa\u00e7o Casa Viva\/RedeCCAP\" \/>\n<meta property=\"og:description\" content=\"ESCOLA DE M\u00daSICA DE MANGUINHOS O Espa\u00e7o casa Viva desde o seu in\u00edcio em 2003, trabalha com oficinas de m\u00fasica ( percuss\u00e3o e cordas) desta Experi\u00eancia surgiu o Grupo M\u00f9sica na Cal\u00e7ada composto por jovens moradores da comunidade de Manguinhos &hellip; Continue lendo &rarr;\" \/>\n<meta property=\"og:url\" content=\"http:\/\/redeccap.org.br\/blogcasaviva\/escola-de-musica-de-manguinhos\/\" \/>\n<meta property=\"og:site_name\" content=\"Espa\u00e7o Casa Viva\/RedeCCAP\" \/>\n<meta property=\"article:modified_time\" content=\"2009-12-16T00:29:47+00:00\" \/>\n<meta property=\"og:image\" content=\"http:\/\/redeccap.org.br\/blogcasaviva\/wp-content\/uploads\/2009\/12\/DSC03341-300x225.jpg\" \/>\n<meta name=\"twitter:card\" content=\"summary_large_image\" \/>\n<script type=\"application\/ld+json\" class=\"yoast-schema-graph\">{\"@context\":\"https:\/\/schema.org\",\"@graph\":[{\"@type\":\"WebSite\",\"@id\":\"https:\/\/redeccap.org.br\/blogcasaviva\/#website\",\"url\":\"https:\/\/redeccap.org.br\/blogcasaviva\/\",\"name\":\"Espa\\u00e7o Casa Viva\/RedeCCAP\",\"description\":\"\",\"potentialAction\":[{\"@type\":\"SearchAction\",\"target\":\"https:\/\/redeccap.org.br\/blogcasaviva\/?s={search_term_string}\",\"query-input\":\"required name=search_term_string\"}],\"inLanguage\":\"pt-BR\"},{\"@type\":\"ImageObject\",\"@id\":\"http:\/\/redeccap.org.br\/blogcasaviva\/escola-de-musica-de-manguinhos\/#primaryimage\",\"inLanguage\":\"pt-BR\",\"url\":\"http:\/\/redeccap.org.br\/blogcasaviva\/wp-content\/uploads\/2009\/12\/DSC03341-300x225.jpg\"},{\"@type\":\"WebPage\",\"@id\":\"http:\/\/redeccap.org.br\/blogcasaviva\/escola-de-musica-de-manguinhos\/#webpage\",\"url\":\"http:\/\/redeccap.org.br\/blogcasaviva\/escola-de-musica-de-manguinhos\/\",\"name\":\"Escola de M\\u00fasica de Manguinhos - Espa\\u00e7o Casa Viva\/RedeCCAP\",\"isPartOf\":{\"@id\":\"https:\/\/redeccap.org.br\/blogcasaviva\/#website\"},\"primaryImageOfPage\":{\"@id\":\"http:\/\/redeccap.org.br\/blogcasaviva\/escola-de-musica-de-manguinhos\/#primaryimage\"},\"datePublished\":\"2009-12-16T00:03:31+00:00\",\"dateModified\":\"2009-12-16T00:29:47+00:00\",\"inLanguage\":\"pt-BR\",\"potentialAction\":[{\"@type\":\"ReadAction\",\"target\":[\"http:\/\/redeccap.org.br\/blogcasaviva\/escola-de-musica-de-manguinhos\/\"]}]}]}<\/script>\n<!-- \/ Yoast SEO plugin. -->","_links":{"self":[{"href":"https:\/\/redeccap.org.br\/blogcasaviva\/wp-json\/wp\/v2\/pages\/348"}],"collection":[{"href":"https:\/\/redeccap.org.br\/blogcasaviva\/wp-json\/wp\/v2\/pages"}],"about":[{"href":"https:\/\/redeccap.org.br\/blogcasaviva\/wp-json\/wp\/v2\/types\/page"}],"author":[{"embeddable":true,"href":"https:\/\/redeccap.org.br\/blogcasaviva\/wp-json\/wp\/v2\/users\/2"}],"replies":[{"embeddable":true,"href":"https:\/\/redeccap.org.br\/blogcasaviva\/wp-json\/wp\/v2\/comments?post=348"}],"version-history":[{"count":3,"href":"https:\/\/redeccap.org.br\/blogcasaviva\/wp-json\/wp\/v2\/pages\/348\/revisions"}],"predecessor-version":[{"id":353,"href":"https:\/\/redeccap.org.br\/blogcasaviva\/wp-json\/wp\/v2\/pages\/348\/revisions\/353"}],"wp:attachment":[{"href":"https:\/\/redeccap.org.br\/blogcasaviva\/wp-json\/wp\/v2\/media?parent=348"}],"curies":[{"name":"wp","href":"https:\/\/api.w.org\/{rel}","templated":true}]}}