                                                                                                                                                                                                                                                                                                                                                                                                                                                                                                    {"id":70,"date":"2009-06-25T17:43:16","date_gmt":"2009-06-25T19:43:16","guid":{"rendered":"http:\/\/redeccap.org.br\/blogcasaviva\/?page_id=70"},"modified":"2011-03-01T17:03:45","modified_gmt":"2011-03-01T20:03:45","slug":"equipe","status":"publish","type":"page","link":"http:\/\/redeccap.org.br\/blogcasaviva\/equipe\/","title":{"rendered":"Equipe"},"content":{"rendered":"<p style=\"text-align: center;\"><span style=\"color: #000000;\"><strong>\u00c1rea Administrativa e de Comunica\u00e7\u00e3o do Espa\u00e7o Casa Viva<\/strong><\/span><\/p>\n<p><strong>COORDENA\u00c7\u00c3O<\/strong>:\u00a0 Elizabeth Campos, a<span style=\"color: #800000;\"> Beth Campos<\/span>, \u00e9 a coordenadora do Espa\u00e7o Casa Viva Rede CCAP.<\/p>\n<p><strong>COMUNICA\u00c7\u00c3O:<\/strong> Na comunia\u00e7\u00e3o trabalham <span style=\"color: #800000;\">Camila Mose<\/span> (moderadora do blog),\u00a0 <span style=\"color: #800000;\">Diego Ign\u00e1cio<\/span> e <span style=\"color: #800000;\">Patr\u00edcia Oliveira<\/span>. N\u00f3s estamos sempre atentos nas atividades que acontecem no Esp. Casa Viva,\u00a0 as novidades estar\u00e3o sempre aqui no blog.<\/p>\n<p><strong>SECRETARIA<\/strong>: Na Secretaria trabalham a <span style=\"color: #800000;\">Ana Carolina Vieira<\/span>, Carol e o <span style=\"color: #800000;\">Leonardo<\/span>, L\u00e9o.<\/p>\n<p><strong>SERVI\u00c7OS GERAIS<\/strong>: <span style=\"color: #800000;\">Val\u00e9ria<\/span><\/p>\n<p>_____________________________________________<\/p>\n<p><strong>OFICINA PORTINARI<\/strong> : Bira, <span style=\"color: #800000;\">Ubirajara Rodrigues <span style=\"color: #000000;\">professor.<\/span><br \/>\n<\/span><\/p>\n<p><strong>REFOR\u00c7O ESCOLAR<\/strong>: <span style=\"color: #800000;\">B\u00e1rbara <span style=\"color: #000000;\">professora e Psic\u00f3loga.<\/span><br \/>\n<\/span><\/p>\n<p><strong>BIBLIOTECA DE SA\u00daDE DE MANGUINHOS<\/strong>:\u00a0 <span style=\"color: #800000;\">Denise <\/span><span style=\"color: #000000;\">professora e Pedagoga.<\/span><\/p>\n<p><span style=\"color: #000000;\"><br \/>\n<\/span><\/p>\n<p><span style=\"color: #000000;\"><a href=\"http:\/\/redeccap.org.br\/blogcasaviva\/wp-content\/uploads\/2009\/08\/equipe-Casa-Viva.JPG\"><img loading=\"lazy\" class=\"aligncenter size-full wp-image-176\" title=\"equipe Casa Viva\" src=\"http:\/\/redeccap.org.br\/blogcasaviva\/wp-content\/uploads\/2009\/08\/equipe-Casa-Viva.JPG\" alt=\"equipe Casa Viva\" width=\"520\" height=\"280\" \/><\/a><br \/>\n<\/span><\/p>\n","protected":false},"excerpt":{"rendered":"<p>\u00c1rea Administrativa e de Comunica\u00e7\u00e3o do Espa\u00e7o Casa Viva COORDENA\u00c7\u00c3O:\u00a0 Elizabeth Campos, a Beth Campos, \u00e9 a coordenadora do Espa\u00e7o Casa Viva Rede CCAP. COMUNICA\u00c7\u00c3O: Na comunia\u00e7\u00e3o trabalham Camila Mose (moderadora do blog),\u00a0 Diego Ign\u00e1cio e Patr\u00edcia Oliveira. N\u00f3s estamos &hellip; <a href=\"http:\/\/redeccap.org.br\/blogcasaviva\/equipe\/\">Continue lendo <span class=\"meta-nav\">&rarr;<\/span><\/a><\/p>\n","protected":false},"author":1,"featured_media":0,"parent":0,"menu_order":0,"comment_status":"open","ping_status":"open","template":"","meta":{"spay_email":""},"yoast_head":"<!-- This site is optimized with the Yoast SEO plugin v14.8 - https:\/\/yoast.com\/wordpress\/plugins\/seo\/ -->\n<meta name=\"robots\" content=\"index, follow\" \/>\n<meta name=\"googlebot\" content=\"index, follow, max-snippet:-1, max-image-preview:large, max-video-preview:-1\" \/>\n<meta name=\"bingbot\" content=\"index, follow, max-snippet:-1, max-image-preview:large, max-video-preview:-1\" \/>\n<link rel=\"canonical\" href=\"http:\/\/redeccap.org.br\/blogcasaviva\/equipe\/\" \/>\n<meta property=\"og:locale\" content=\"pt_BR\" \/>\n<meta property=\"og:type\" content=\"article\" \/>\n<meta property=\"og:title\" content=\"Equipe - Espa\u00e7o Casa Viva\/RedeCCAP\" \/>\n<meta property=\"og:description\" content=\"\u00c1rea Administrativa e de Comunica\u00e7\u00e3o do Espa\u00e7o Casa Viva COORDENA\u00c7\u00c3O:\u00a0 Elizabeth Campos, a Beth Campos, \u00e9 a coordenadora do Espa\u00e7o Casa Viva Rede CCAP. COMUNICA\u00c7\u00c3O: Na comunia\u00e7\u00e3o trabalham Camila Mose (moderadora do blog),\u00a0 Diego Ign\u00e1cio e Patr\u00edcia Oliveira. N\u00f3s estamos &hellip; Continue lendo &rarr;\" \/>\n<meta property=\"og:url\" content=\"http:\/\/redeccap.org.br\/blogcasaviva\/equipe\/\" \/>\n<meta property=\"og:site_name\" content=\"Espa\u00e7o Casa Viva\/RedeCCAP\" \/>\n<meta property=\"article:modified_time\" content=\"2011-03-01T20:03:45+00:00\" \/>\n<meta property=\"og:image\" content=\"http:\/\/redeccap.org.br\/blogcasaviva\/wp-content\/uploads\/2009\/08\/equipe-Casa-Viva.JPG\" \/>\n<meta name=\"twitter:card\" content=\"summary_large_image\" \/>\n<script type=\"application\/ld+json\" class=\"yoast-schema-graph\">{\"@context\":\"https:\/\/schema.org\",\"@graph\":[{\"@type\":\"WebSite\",\"@id\":\"http:\/\/redeccap.org.br\/blogcasaviva\/#website\",\"url\":\"http:\/\/redeccap.org.br\/blogcasaviva\/\",\"name\":\"Espa\\u00e7o Casa Viva\/RedeCCAP\",\"description\":\"\",\"potentialAction\":[{\"@type\":\"SearchAction\",\"target\":\"http:\/\/redeccap.org.br\/blogcasaviva\/?s={search_term_string}\",\"query-input\":\"required name=search_term_string\"}],\"inLanguage\":\"pt-BR\"},{\"@type\":\"ImageObject\",\"@id\":\"http:\/\/redeccap.org.br\/blogcasaviva\/equipe\/#primaryimage\",\"inLanguage\":\"pt-BR\",\"url\":\"http:\/\/redeccap.org.br\/blogcasaviva\/wp-content\/uploads\/2009\/08\/equipe-Casa-Viva.JPG\",\"width\":\"759\",\"height\":\"505\"},{\"@type\":\"WebPage\",\"@id\":\"http:\/\/redeccap.org.br\/blogcasaviva\/equipe\/#webpage\",\"url\":\"http:\/\/redeccap.org.br\/blogcasaviva\/equipe\/\",\"name\":\"Equipe - Espa\\u00e7o Casa Viva\/RedeCCAP\",\"isPartOf\":{\"@id\":\"http:\/\/redeccap.org.br\/blogcasaviva\/#website\"},\"primaryImageOfPage\":{\"@id\":\"http:\/\/redeccap.org.br\/blogcasaviva\/equipe\/#primaryimage\"},\"datePublished\":\"2009-06-25T19:43:16+00:00\",\"dateModified\":\"2011-03-01T20:03:45+00:00\",\"inLanguage\":\"pt-BR\",\"potentialAction\":[{\"@type\":\"ReadAction\",\"target\":[\"http:\/\/redeccap.org.br\/blogcasaviva\/equipe\/\"]}]}]}<\/script>\n<!-- \/ Yoast SEO plugin. -->","_links":{"self":[{"href":"http:\/\/redeccap.org.br\/blogcasaviva\/wp-json\/wp\/v2\/pages\/70"}],"collection":[{"href":"http:\/\/redeccap.org.br\/blogcasaviva\/wp-json\/wp\/v2\/pages"}],"about":[{"href":"http:\/\/redeccap.org.br\/blogcasaviva\/wp-json\/wp\/v2\/types\/page"}],"author":[{"embeddable":true,"href":"http:\/\/redeccap.org.br\/blogcasaviva\/wp-json\/wp\/v2\/users\/1"}],"replies":[{"embeddable":true,"href":"http:\/\/redeccap.org.br\/blogcasaviva\/wp-json\/wp\/v2\/comments?post=70"}],"version-history":[{"count":11,"href":"http:\/\/redeccap.org.br\/blogcasaviva\/wp-json\/wp\/v2\/pages\/70\/revisions"}],"predecessor-version":[{"id":114,"href":"http:\/\/redeccap.org.br\/blogcasaviva\/wp-json\/wp\/v2\/pages\/70\/revisions\/114"}],"wp:attachment":[{"href":"http:\/\/redeccap.org.br\/blogcasaviva\/wp-json\/wp\/v2\/media?parent=70"}],"curies":[{"name":"wp","href":"https:\/\/api.w.org\/{rel}","templated":true}]}}